{"id":374,"date":"2024-11-18T11:00:52","date_gmt":"2024-11-18T10:00:52","guid":{"rendered":"https:\/\/www.entesit.cz\/?page_id=374"},"modified":"2025-06-08T23:00:19","modified_gmt":"2025-06-08T21:00:19","slug":"kompozitni-sloupy","status":"publish","type":"page","link":"https:\/\/www.entesit.cz\/index.php\/kompozitni-sloupy\/","title":{"rendered":"Kompozitn\u00ed sloupy"},"content":{"rendered":"\t\t<div data-elementor-type=\"wp-post\" data-elementor-id=\"374\" class=\"elementor elementor-374\">\n\t\t\t\t\t\t<section class=\"elementor-section elementor-top-section elementor-element elementor-element-e267472 elementor-section-boxed elementor-section-height-default elementor-section-height-default\" data-id=\"e267472\" data-element_type=\"section\">\n\t\t\t\t\t\t<div class=\"elementor-container elementor-column-gap-default\">\n\t\t\t\t\t<div class=\"elementor-column elementor-col-33 elementor-top-column elementor-element elementor-element-a0b5694\" data-id=\"a0b5694\" data-element_type=\"column\">\n\t\t\t<div class=\"elementor-widget-wrap elementor-element-populated\">\n\t\t\t\t\t\t<div class=\"elementor-element elementor-element-c095615 elementor-widget elementor-widget-image\" data-id=\"c095615\" data-element_type=\"widget\" data-widget_type=\"image.default\">\n\t\t\t\t<div class=\"elementor-widget-container\">\n\t\t\t\t\t\t\t\t\t\t\t\t\t<img fetchpriority=\"high\" decoding=\"async\" width=\"599\" height=\"800\" src=\"https:\/\/www.entesit.cz\/wp-content\/uploads\/2024\/11\/n.jpg\" class=\"attachment-large size-large wp-image-389\" alt=\"\" srcset=\"https:\/\/www.entesit.cz\/wp-content\/uploads\/2024\/11\/n.jpg 599w, https:\/\/www.entesit.cz\/wp-content\/uploads\/2024\/11\/n-225x300.jpg 225w\" sizes=\"(max-width: 599px) 100vw, 599px\" \/>\t\t\t\t\t\t\t\t\t\t\t\t\t<\/div>\n\t\t\t\t<\/div>\n\t\t\t\t\t<\/div>\n\t\t<\/div>\n\t\t\t\t<div class=\"elementor-column elementor-col-66 elementor-top-column elementor-element elementor-element-5610b73\" data-id=\"5610b73\" data-element_type=\"column\">\n\t\t\t<div class=\"elementor-widget-wrap elementor-element-populated\">\n\t\t\t\t\t\t<div class=\"elementor-element elementor-element-2c74853 elementor-widget elementor-widget-text-editor\" data-id=\"2c74853\" data-element_type=\"widget\" data-widget_type=\"text-editor.default\">\n\t\t\t\t<div class=\"elementor-widget-container\">\n\t\t\t\t\t\t\t<div><ul><li><h4>evoluce v oblasti doposud u\u017e\u00edvan\u00fdch sloup\u016f<\/h4><\/li><li><h4>inovativn\u00ed n\u00e1hrada za doposud u\u017e\u00edvan\u00e9 d\u0159ev\u011bn\u00e9, kovov\u00e9 a betonov\u00e9 sloupy\u00a0<\/h4><\/li><li><h4>monolitick\u00fd ku\u017eelovit\u00fd prvek umo\u017e\u0148uj\u00edc\u00ed vyu\u017eit\u00ed tak\u00e9 vnit\u0159n\u00edho prostoru pro ulo\u017een\u00ed nap\u0159. kabel\u00e1\u017ee<\/h4><\/li><\/ul><\/div><ul><li><h4>vyrobeno z polyesterov\u00e9 prysky\u0159ice vyztu\u017een\u00e9 skeln\u00fdm vl\u00e1knem, a to pln\u011b automatick\u00fdm odst\u0159e\u010fov\u00e1n\u00edm<\/h4><\/li><li><h4>\u0161irok\u00e9 mo\u017enosti vyu\u017eit\u00ed<\/h4><ul><li><h4>optika<\/h4><\/li><li><h4>telefonika<\/h4><\/li><li><h4>energetika<\/h4><\/li><li><h4>osv\u011btlen\u00ed<\/h4><\/li><li><h4>kamerov\u00e9 syst\u00e9my<\/h4><\/li><li><h4>fotovoltaika<\/h4><\/li><li><h4>propagace a marketing (z\u00e1kladny pro vlajky, billboardy, reklamn\u00ed tabule, aj.)<\/h4><\/li><li><h4>zem\u011bd\u011blstv\u00ed (nosn\u00fd prvek dr\u00e1tov\u00fdch opor pro rostliny)<\/h4><\/li><\/ul><\/li><\/ul>\t\t\t\t\t\t<\/div>\n\t\t\t\t<\/div>\n\t\t\t\t\t<\/div>\n\t\t<\/div>\n\t\t\t\t\t<\/div>\n\t\t<\/section>\n\t\t\t\t<section class=\"elementor-section elementor-top-section elementor-element elementor-element-bf3520f elementor-section-boxed elementor-section-height-default elementor-section-height-default\" data-id=\"bf3520f\" data-element_type=\"section\">\n\t\t\t\t\t\t<div class=\"elementor-container elementor-column-gap-default\">\n\t\t\t\t\t<div class=\"elementor-column elementor-col-100 elementor-top-column elementor-element elementor-element-245699f\" data-id=\"245699f\" data-element_type=\"column\">\n\t\t\t<div class=\"elementor-widget-wrap elementor-element-populated\">\n\t\t\t\t\t\t<div class=\"elementor-element elementor-element-5b91037 elementor-widget-divider--view-line elementor-widget elementor-widget-divider\" data-id=\"5b91037\" data-element_type=\"widget\" data-widget_type=\"divider.default\">\n\t\t\t\t<div class=\"elementor-widget-container\">\n\t\t\t\t\t<div class=\"elementor-divider\">\n\t\t\t<span class=\"elementor-divider-separator\">\n\t\t\t\t\t\t<\/span>\n\t\t<\/div>\n\t\t\t\t<\/div>\n\t\t\t\t<\/div>\n\t\t\t\t\t<\/div>\n\t\t<\/div>\n\t\t\t\t\t<\/div>\n\t\t<\/section>\n\t\t\t\t<section class=\"elementor-section elementor-top-section elementor-element elementor-element-9216965 elementor-section-content-middle elementor-section-boxed elementor-section-height-default elementor-section-height-default\" data-id=\"9216965\" data-element_type=\"section\">\n\t\t\t\t\t\t<div class=\"elementor-container elementor-column-gap-default\">\n\t\t\t\t\t<div class=\"elementor-column elementor-col-100 elementor-top-column elementor-element elementor-element-cb88c4c\" data-id=\"cb88c4c\" data-element_type=\"column\">\n\t\t\t<div class=\"elementor-widget-wrap elementor-element-populated\">\n\t\t\t\t\t\t<div class=\"elementor-element elementor-element-c34b8f4 elementor-widget elementor-widget-heading\" data-id=\"c34b8f4\" data-element_type=\"widget\" data-widget_type=\"heading.default\">\n\t\t\t\t<div class=\"elementor-widget-container\">\n\t\t\t<h2 class=\"elementor-heading-title elementor-size-default\">Jsme v\u00fdhradn\u00edm dodavatelem kompozitn\u00edch sloup\u016f ve spole\u010dnosti CETIN, a.s. (provozovatel a vlastn\u00edk nejv\u011bt\u0161\u00ed telekomunika\u010dn\u00ed s\u00edt\u011b v \u010cR)!<\/h2>\t\t<\/div>\n\t\t\t\t<\/div>\n\t\t\t\t\t<\/div>\n\t\t<\/div>\n\t\t\t\t\t<\/div>\n\t\t<\/section>\n\t\t\t\t<section class=\"elementor-section elementor-top-section elementor-element elementor-element-b001b68 elementor-section-boxed elementor-section-height-default elementor-section-height-default\" data-id=\"b001b68\" data-element_type=\"section\">\n\t\t\t\t\t\t<div class=\"elementor-container elementor-column-gap-default\">\n\t\t\t\t\t<div class=\"elementor-column elementor-col-100 elementor-top-column elementor-element elementor-element-1bf06b7\" data-id=\"1bf06b7\" data-element_type=\"column\">\n\t\t\t<div class=\"elementor-widget-wrap elementor-element-populated\">\n\t\t\t\t\t\t<div class=\"elementor-element elementor-element-2907cd7 elementor-widget-divider--view-line elementor-widget elementor-widget-divider\" data-id=\"2907cd7\" data-element_type=\"widget\" data-widget_type=\"divider.default\">\n\t\t\t\t<div class=\"elementor-widget-container\">\n\t\t\t\t\t<div class=\"elementor-divider\">\n\t\t\t<span class=\"elementor-divider-separator\">\n\t\t\t\t\t\t<\/span>\n\t\t<\/div>\n\t\t\t\t<\/div>\n\t\t\t\t<\/div>\n\t\t\t\t\t<\/div>\n\t\t<\/div>\n\t\t\t\t\t<\/div>\n\t\t<\/section>\n\t\t\t\t<section class=\"elementor-section elementor-top-section elementor-element elementor-element-d06146e elementor-section-boxed elementor-section-height-default elementor-section-height-default\" data-id=\"d06146e\" data-element_type=\"section\">\n\t\t\t\t\t\t<div class=\"elementor-container elementor-column-gap-default\">\n\t\t\t\t\t<div class=\"elementor-column elementor-col-25 elementor-top-column elementor-element elementor-element-8213e44\" data-id=\"8213e44\" data-element_type=\"column\">\n\t\t\t<div class=\"elementor-widget-wrap elementor-element-populated\">\n\t\t\t\t\t\t<div class=\"elementor-element elementor-element-dcf0399 elementor-position-top elementor-widget elementor-widget-image-box\" data-id=\"dcf0399\" data-element_type=\"widget\" data-widget_type=\"image-box.default\">\n\t\t\t\t<div class=\"elementor-widget-container\">\n\t\t\t<div class=\"elementor-image-box-wrapper\"><figure class=\"elementor-image-box-img\"><img decoding=\"async\" width=\"380\" height=\"254\" src=\"https:\/\/www.entesit.cz\/wp-content\/uploads\/2024\/11\/obr6-380x254.jpg\" class=\"attachment-consulting-thinkup-column3-2\/3 size-consulting-thinkup-column3-2\/3 wp-image-381\" alt=\"\" \/><\/figure><div class=\"elementor-image-box-content\"><h3 class=\"elementor-image-box-title\">Dlouh\u00e1 \u017eivotnost <br>a nulov\u00e1 \u00fadr\u017eba<\/h3><p class=\"elementor-image-box-description\">Na\u0161e kompozitn\u00ed sloupy jsou odoln\u00e9 v\u016f\u010di v\u0161em vliv\u016fm po\u010das\u00ed a odol\u00e1vaj\u00ed tak\u00e9 chemick\u00e9mu i organick\u00e9mu p\u016fsoben\u00ed. Jsou UV odoln\u00e9 a vod\u011bodoln\u00e9. Samozh\u00e1\u0161iv\u00e9.<\/p><\/div><\/div>\t\t<\/div>\n\t\t\t\t<\/div>\n\t\t\t\t<div class=\"elementor-element elementor-element-9fa53ed elementor-position-top elementor-widget elementor-widget-image-box\" data-id=\"9fa53ed\" data-element_type=\"widget\" data-widget_type=\"image-box.default\">\n\t\t\t\t<div class=\"elementor-widget-container\">\n\t\t\t<div class=\"elementor-image-box-wrapper\"><figure class=\"elementor-image-box-img\"><img decoding=\"async\" width=\"380\" height=\"254\" src=\"https:\/\/www.entesit.cz\/wp-content\/uploads\/2024\/12\/bezpecnost-380x254.jpg\" class=\"attachment-consulting-thinkup-column3-2\/3 size-consulting-thinkup-column3-2\/3 wp-image-409\" alt=\"\" \/><\/figure><div class=\"elementor-image-box-content\"><h3 class=\"elementor-image-box-title\">Bezpe\u010dnost<\/h3><p class=\"elementor-image-box-description\">V p\u0159\u00edpad\u011b u\u017eit\u00ed v okol\u00ed komunikac\u00ed jsou na\u0161e kompozitn\u00ed sloupy prvkem, kter\u00fd zvy\u0161uje bezpe\u010dnost silni\u010dn\u00edho provozu. P\u0159i sr\u00e1\u017ece zjem\u0148uj\u00ed n\u00e1raz (oproti klasick\u00fdm kovov\u00fdm nebo betonov\u00fdm sloup\u016fm).<\/p><\/div><\/div>\t\t<\/div>\n\t\t\t\t<\/div>\n\t\t\t\t\t<\/div>\n\t\t<\/div>\n\t\t\t\t<div class=\"elementor-column elementor-col-25 elementor-top-column elementor-element elementor-element-187d67b\" data-id=\"187d67b\" data-element_type=\"column\">\n\t\t\t<div class=\"elementor-widget-wrap elementor-element-populated\">\n\t\t\t\t\t\t<div class=\"elementor-element elementor-element-36e7982 elementor-position-top elementor-widget elementor-widget-image-box\" data-id=\"36e7982\" data-element_type=\"widget\" data-widget_type=\"image-box.default\">\n\t\t\t\t<div class=\"elementor-widget-container\">\n\t\t\t<div class=\"elementor-image-box-wrapper\"><figure class=\"elementor-image-box-img\"><img loading=\"lazy\" decoding=\"async\" width=\"380\" height=\"254\" src=\"https:\/\/www.entesit.cz\/wp-content\/uploads\/2024\/11\/obr4-380x254.jpg\" class=\"attachment-consulting-thinkup-column3-2\/3 size-consulting-thinkup-column3-2\/3 wp-image-379\" alt=\"\" \/><\/figure><div class=\"elementor-image-box-content\"><h3 class=\"elementor-image-box-title\">N\u00edzk\u00e1 hmotnost <br>a snadn\u00e1 manipulace<\/h3><p class=\"elementor-image-box-description\">Kompozitn\u00ed sloupy jsou lehk\u00e9 a snadno se p\u0159en\u00e1\u0161ej\u00ed i instaluj\u00ed. Posta\u010d\u00ed jen s\u00edla dvou p\u00e1r\u016f rukou a \u017eeb\u0159\u00edk bez nutnosti u\u017eit\u00ed strojn\u00edch zvedac\u00edch za\u0159\u00edzen\u00ed.<\/p><\/div><\/div>\t\t<\/div>\n\t\t\t\t<\/div>\n\t\t\t\t<div class=\"elementor-element elementor-element-ed6b9f2 elementor-position-top elementor-widget elementor-widget-image-box\" data-id=\"ed6b9f2\" data-element_type=\"widget\" data-widget_type=\"image-box.default\">\n\t\t\t\t<div class=\"elementor-widget-container\">\n\t\t\t<div class=\"elementor-image-box-wrapper\"><figure class=\"elementor-image-box-img\"><img loading=\"lazy\" decoding=\"async\" width=\"380\" height=\"254\" src=\"https:\/\/www.entesit.cz\/wp-content\/uploads\/2024\/11\/Obr\u00e1zek1-380x254.png\" class=\"attachment-consulting-thinkup-column3-2\/3 size-consulting-thinkup-column3-2\/3 wp-image-383\" alt=\"\" \/><\/figure><div class=\"elementor-image-box-content\"><h3 class=\"elementor-image-box-title\">Efektivn\u00ed logistika <br>a n\u00edzk\u00e1 uhl\u00edkov\u00e1 stopa<\/h3><p class=\"elementor-image-box-description\">D\u00edky propracovan\u00e9mu k\u00f3nick\u00e9mu tvaru jsou na\u0161e kompozitn\u00ed sloupy stohovateln\u00e9 a na jednom n\u00e1v\u011bsu lze p\u0159ev\u00e1\u017eet dle druhu a\u017e 500 kus\u016f sloup\u016f, \u010d\u00edm\u017e minimalizujeme uhl\u00edkovou stopu. <\/p><\/div><\/div>\t\t<\/div>\n\t\t\t\t<\/div>\n\t\t\t\t\t<\/div>\n\t\t<\/div>\n\t\t\t\t<div class=\"elementor-column elementor-col-25 elementor-top-column elementor-element elementor-element-409a819\" data-id=\"409a819\" data-element_type=\"column\">\n\t\t\t<div class=\"elementor-widget-wrap elementor-element-populated\">\n\t\t\t\t\t\t<div class=\"elementor-element elementor-element-faf65c6 elementor-position-top elementor-widget elementor-widget-image-box\" data-id=\"faf65c6\" data-element_type=\"widget\" data-widget_type=\"image-box.default\">\n\t\t\t\t<div class=\"elementor-widget-container\">\n\t\t\t<div class=\"elementor-image-box-wrapper\"><figure class=\"elementor-image-box-img\"><img loading=\"lazy\" decoding=\"async\" width=\"380\" height=\"254\" src=\"https:\/\/www.entesit.cz\/wp-content\/uploads\/2024\/11\/obr9-380x254.jpg\" class=\"attachment-consulting-thinkup-column3-2\/3 size-consulting-thinkup-column3-2\/3 wp-image-384\" alt=\"\" \/><\/figure><div class=\"elementor-image-box-content\"><h3 class=\"elementor-image-box-title\">Kompatibilita s p\u0159\u00edslu\u0161enstv\u00edm<\/h3><p class=\"elementor-image-box-description\">Sloupy lze doplnit ve\u0161ker\u00fdm kompatibiln\u00edm p\u0159\u00edslu\u0161enstv\u00edm. V\u0161e, na co jste zvykl\u00ed u d\u0159ev\u011bn\u00fdch \u010di betonov\u00fdch sloup\u016f, dod\u00e1me v \u00faprav\u011b pro na\u0161e kompozitn\u00ed sloupy nebo vyrob\u00edme p\u0159\u00edslu\u0161enstv\u00ed nov\u00e9 dle zad\u00e1n\u00ed. <\/p><\/div><\/div>\t\t<\/div>\n\t\t\t\t<\/div>\n\t\t\t\t<div class=\"elementor-element elementor-element-fe15c47 elementor-position-top elementor-widget elementor-widget-image-box\" data-id=\"fe15c47\" data-element_type=\"widget\" data-widget_type=\"image-box.default\">\n\t\t\t\t<div class=\"elementor-widget-container\">\n\t\t\t<div class=\"elementor-image-box-wrapper\"><figure class=\"elementor-image-box-img\"><img loading=\"lazy\" decoding=\"async\" width=\"380\" height=\"254\" src=\"https:\/\/www.entesit.cz\/wp-content\/uploads\/2024\/11\/Obr8-380x254.jpg\" class=\"attachment-consulting-thinkup-column3-2\/3 size-consulting-thinkup-column3-2\/3 wp-image-382\" alt=\"\" \/><\/figure><div class=\"elementor-image-box-content\"><h3 class=\"elementor-image-box-title\">Ekologie a udr\u017eitelnost<\/h3><p class=\"elementor-image-box-description\">Na\u0161e kompozitn\u00ed soupy jsou p\u0159et\u00edrateln\u00e9. Znovu pou\u017eiteln\u00e9. 100% recyklovateln\u00e9. Obnoviteln\u00e9. Maj\u00ed nulov\u00fd dopad na \u017eivotn\u00ed prost\u0159ed\u00ed. <\/p><\/div><\/div>\t\t<\/div>\n\t\t\t\t<\/div>\n\t\t\t\t\t<\/div>\n\t\t<\/div>\n\t\t\t\t<div class=\"elementor-column elementor-col-25 elementor-top-column elementor-element elementor-element-bca990c\" data-id=\"bca990c\" data-element_type=\"column\">\n\t\t\t<div class=\"elementor-widget-wrap elementor-element-populated\">\n\t\t\t\t\t\t<div class=\"elementor-element elementor-element-b55b96e elementor-position-top elementor-widget elementor-widget-image-box\" data-id=\"b55b96e\" data-element_type=\"widget\" data-widget_type=\"image-box.default\">\n\t\t\t\t<div class=\"elementor-widget-container\">\n\t\t\t<div class=\"elementor-image-box-wrapper\"><figure class=\"elementor-image-box-img\"><img loading=\"lazy\" decoding=\"async\" width=\"806\" height=\"364\" src=\"https:\/\/www.entesit.cz\/wp-content\/uploads\/2024\/12\/71148952_1130904483782370_8384155321504890880_n.jpg\" class=\"attachment-full size-full wp-image-395\" alt=\"\" srcset=\"https:\/\/www.entesit.cz\/wp-content\/uploads\/2024\/12\/71148952_1130904483782370_8384155321504890880_n.jpg 806w, https:\/\/www.entesit.cz\/wp-content\/uploads\/2024\/12\/71148952_1130904483782370_8384155321504890880_n-300x135.jpg 300w, https:\/\/www.entesit.cz\/wp-content\/uploads\/2024\/12\/71148952_1130904483782370_8384155321504890880_n-768x347.jpg 768w\" sizes=\"(max-width: 806px) 100vw, 806px\" \/><\/figure><div class=\"elementor-image-box-content\"><h3 class=\"elementor-image-box-title\">N\u011bkolik typ\u016f dle z\u00e1t\u011b\u017ee, d\u00e9lky a barvy<\/h3><p class=\"elementor-image-box-description\">Sloupy dod\u00e1v\u00e1me v n\u011bkolika proveden\u00edch podle po\u017eadovan\u00e9 z\u00e1t\u011b\u017ee, d\u00e1le v n\u011bkolika d\u00e9lk\u00e1ch a tak\u00e9 v n\u011bkolika barevn\u00fdch proveden\u00edch.<\/p><\/div><\/div>\t\t<\/div>\n\t\t\t\t<\/div>\n\t\t\t\t<div class=\"elementor-element elementor-element-c54d855 elementor-position-top elementor-widget elementor-widget-image-box\" data-id=\"c54d855\" data-element_type=\"widget\" data-widget_type=\"image-box.default\">\n\t\t\t\t<div class=\"elementor-widget-container\">\n\t\t\t<div class=\"elementor-image-box-wrapper\"><figure class=\"elementor-image-box-img\"><img loading=\"lazy\" decoding=\"async\" width=\"259\" height=\"194\" src=\"https:\/\/www.entesit.cz\/wp-content\/uploads\/2024\/11\/EUflag.jpeg\" class=\"attachment-consulting-thinkup-column3-2\/3 size-consulting-thinkup-column3-2\/3 wp-image-386\" alt=\"\" \/><\/figure><div class=\"elementor-image-box-content\"><h3 class=\"elementor-image-box-title\">V\u00fdroba v EU <br>a certifikace<\/h3><p class=\"elementor-image-box-description\">Na\u0161e kompozitn\u00ed sloupy jsou vyrobeny v EU a pro\u0161ly mnoh\u00fdmi certifika\u010dn\u00edmi procesy (ICIM, IQNet, CSQ). <\/p><\/div><\/div>\t\t<\/div>\n\t\t\t\t<\/div>\n\t\t\t\t\t<\/div>\n\t\t<\/div>\n\t\t\t\t\t<\/div>\n\t\t<\/section>\n\t\t\t\t<\/div>\n\t\t","protected":false},"excerpt":{"rendered":"<p>evoluce v oblasti doposud u\u017e\u00edvan\u00fdch sloup\u016f inovativn\u00ed n\u00e1hrada za doposud u\u017e\u00edvan\u00e9 d\u0159ev\u011bn\u00e9, kovov\u00e9 a betonov\u00e9 sloupy\u00a0 monolitick\u00fd ku\u017eelovit\u00fd prvek umo\u017e\u0148uj\u00edc\u00ed vyu\u017eit\u00ed tak\u00e9 vnit\u0159n\u00edho prostoru pro ulo\u017een\u00ed nap\u0159. kabel\u00e1\u017ee vyrobeno z polyesterov\u00e9 prysky\u0159ice vyztu\u017een\u00e9 skeln\u00fdm vl\u00e1knem, a to pln\u011b automatick\u00fdm odst\u0159e\u010fov\u00e1n\u00edm \u0161irok\u00e9 mo\u017enosti vyu\u017eit\u00ed optika telefonika energetika osv\u011btlen\u00ed kamerov\u00e9 syst\u00e9my fotovoltaika propagace a marketing (z\u00e1kladny pro&hellip;<\/p>\n<p class=\"more-link\"><a href=\"https:\/\/www.entesit.cz\/index.php\/kompozitni-sloupy\/\" class=\"themebutton2\">V\u00edce zde<\/a><\/p>\n","protected":false},"author":2,"featured_media":0,"parent":0,"menu_order":0,"comment_status":"closed","ping_status":"closed","template":"","meta":{"ngg_post_thumbnail":0,"footnotes":""},"class_list":["post-374","page","type-page","status-publish","hentry"],"_links":{"self":[{"href":"https:\/\/www.entesit.cz\/index.php\/wp-json\/wp\/v2\/pages\/374","targetHints":{"allow":["GET"]}}],"collection":[{"href":"https:\/\/www.entesit.cz\/index.php\/wp-json\/wp\/v2\/pages"}],"about":[{"href":"https:\/\/www.entesit.cz\/index.php\/wp-json\/wp\/v2\/types\/page"}],"author":[{"embeddable":true,"href":"https:\/\/www.entesit.cz\/index.php\/wp-json\/wp\/v2\/users\/2"}],"replies":[{"embeddable":true,"href":"https:\/\/www.entesit.cz\/index.php\/wp-json\/wp\/v2\/comments?post=374"}],"version-history":[{"count":69,"href":"https:\/\/www.entesit.cz\/index.php\/wp-json\/wp\/v2\/pages\/374\/revisions"}],"predecessor-version":[{"id":602,"href":"https:\/\/www.entesit.cz\/index.php\/wp-json\/wp\/v2\/pages\/374\/revisions\/602"}],"wp:attachment":[{"href":"https:\/\/www.entesit.cz\/index.php\/wp-json\/wp\/v2\/media?parent=374"}],"curies":[{"name":"wp","href":"https:\/\/api.w.org\/{rel}","templated":true}]}}