{"id":240,"date":"2019-09-11T14:25:15","date_gmt":"2019-09-11T12:25:15","guid":{"rendered":"http:\/\/entesit.cz\/?page_id=240"},"modified":"2025-10-01T12:09:08","modified_gmt":"2025-10-01T10:09:08","slug":"projekty-spolufinancovane-z-eu","status":"publish","type":"page","link":"https:\/\/www.entesit.cz\/index.php\/projekty-spolufinancovane-z-eu\/","title":{"rendered":"Projekty spolufinancovan\u00e9 EU"},"content":{"rendered":"<table width=\"824\">\n<tbody>\n<tr>\n<td width=\"162\">\n<h4>N\u00e1zev projektu:<\/h4>\n<\/td>\n<td>\n<h4><b>V\u00fdrobn\u011b skladovac\u00ed hala spole\u010dnosti ENTESIT s.r.o.<\/b><\/h4>\n<\/td>\n<\/tr>\n<tr>\n<td width=\"162\">\n<h4>Reg. \u010d\u00edslo:<\/h4>\n<\/td>\n<td>\n<h4>CZ.01.2.07\/0.0\/0.0\/18_238\/0014799<\/h4>\n<\/td>\n<\/tr>\n<tr>\n<td width=\"162\">\n<h4>Program:<\/h4>\n<\/td>\n<td>\n<h4>OPPIK NEMOVITOSTI &#8211; III. v\u00fdzva<\/h4>\n<\/td>\n<\/tr>\n<tr>\n<td width=\"162\">\n<h4>N\u00e1pl\u0148:<\/h4>\n<\/td>\n<td>\n<h4>P\u0159edm\u011btem projektu je demolice objektu nevyu\u017e\u00edvan\u00e9ho p\u0159ekladi\u0161t\u011b a skladu obilovin a n\u00e1sledn\u00e1 v\u00fdstavba montovan\u00e9 v\u00fdrobn\u011b skladovac\u00ed haly. V r\u00e1mci projektu dojde tak\u00e9 k \u00faprav\u011b okoln\u00edch ploch. Projekt bude realizov\u00e1n na parcel\u00e1ch \u010d. 3207\/1 a 3207\/2 v katastr\u00e1ln\u00edm \u00fazem\u00ed \u00dajezd u Brna.<\/h4>\n<\/td>\n<\/tr>\n<tr>\n<td width=\"162\">\n<h4>Term\u00edn realizace:<\/h4>\n<\/td>\n<td>\n<h4>10\/2018 \u2013 12\/2022<\/h4>\n<\/td>\n<\/tr>\n<\/tbody>\n<\/table>\n<p><img fetchpriority=\"high\" decoding=\"async\" src=\"https:\/\/www.entesit.cz\/wp-content\/uploads\/2022\/09\/CZ_RZ_B_C-1024x320.jpg\" sizes=\"(max-width: 1024px) 100vw, 1024px\" srcset=\"https:\/\/www.entesit.cz\/wp-content\/uploads\/2022\/09\/CZ_RZ_B_C-1024x320.jpg 1024w, https:\/\/www.entesit.cz\/wp-content\/uploads\/2022\/09\/CZ_RZ_B_C-300x94.jpg 300w, https:\/\/www.entesit.cz\/wp-content\/uploads\/2022\/09\/CZ_RZ_B_C-768x240.jpg 768w\" alt=\"\" width=\"1024\" height=\"320\" \/><\/p>\n","protected":false},"excerpt":{"rendered":"<p>N\u00e1zev projektu: V\u00fdrobn\u011b skladovac\u00ed hala spole\u010dnosti ENTESIT s.r.o. Reg. \u010d\u00edslo: CZ.01.2.07\/0.0\/0.0\/18_238\/0014799 Program: OPPIK NEMOVITOSTI &#8211; III. v\u00fdzva N\u00e1pl\u0148: P\u0159edm\u011btem projektu je demolice objektu nevyu\u017e\u00edvan\u00e9ho p\u0159ekladi\u0161t\u011b a skladu obilovin a n\u00e1sledn\u00e1 v\u00fdstavba montovan\u00e9 v\u00fdrobn\u011b skladovac\u00ed haly. V r\u00e1mci projektu dojde tak\u00e9 k \u00faprav\u011b okoln\u00edch ploch. Projekt bude realizov\u00e1n na parcel\u00e1ch \u010d. 3207\/1 a 3207\/2 v katastr\u00e1ln\u00edm&hellip;<\/p>\n<p class=\"more-link\"><a href=\"https:\/\/www.entesit.cz\/index.php\/projekty-spolufinancovane-z-eu\/\" class=\"themebutton2\">V\u00edce zde<\/a><\/p>\n","protected":false},"author":2,"featured_media":0,"parent":0,"menu_order":0,"comment_status":"closed","ping_status":"closed","template":"","meta":{"ngg_post_thumbnail":0,"footnotes":""},"class_list":["post-240","page","type-page","status-publish","hentry"],"_links":{"self":[{"href":"https:\/\/www.entesit.cz\/index.php\/wp-json\/wp\/v2\/pages\/240","targetHints":{"allow":["GET"]}}],"collection":[{"href":"https:\/\/www.entesit.cz\/index.php\/wp-json\/wp\/v2\/pages"}],"about":[{"href":"https:\/\/www.entesit.cz\/index.php\/wp-json\/wp\/v2\/types\/page"}],"author":[{"embeddable":true,"href":"https:\/\/www.entesit.cz\/index.php\/wp-json\/wp\/v2\/users\/2"}],"replies":[{"embeddable":true,"href":"https:\/\/www.entesit.cz\/index.php\/wp-json\/wp\/v2\/comments?post=240"}],"version-history":[{"count":16,"href":"https:\/\/www.entesit.cz\/index.php\/wp-json\/wp\/v2\/pages\/240\/revisions"}],"predecessor-version":[{"id":368,"href":"https:\/\/www.entesit.cz\/index.php\/wp-json\/wp\/v2\/pages\/240\/revisions\/368"}],"wp:attachment":[{"href":"https:\/\/www.entesit.cz\/index.php\/wp-json\/wp\/v2\/media?parent=240"}],"curies":[{"name":"wp","href":"https:\/\/api.w.org\/{rel}","templated":true}]}}